{"id":245,"date":"2021-04-29T03:36:58","date_gmt":"2021-04-29T03:36:58","guid":{"rendered":"https:\/\/chic-immo.com\/about\/"},"modified":"2024-11-15T11:09:18","modified_gmt":"2024-11-15T11:09:18","slug":"agence","status":"publish","type":"page","link":"https:\/\/chic-immo.com\/en\/agence\/","title":{"rendered":"Agency"},"content":{"rendered":"<div data-elementor-type=\"wp-page\" data-elementor-id=\"245\" class=\"elementor elementor-245\">\n\t\t\t\t\t\t<section class=\"elementor-section elementor-top-section elementor-element elementor-element-mnak0ao elementor-section-content-middle elementor-reverse-mobile elementor-section-boxed elementor-section-height-default elementor-section-height-default\" data-id=\"mnak0ao\" data-element_type=\"section\" data-e-type=\"section\" data-settings=\"{&quot;background_background&quot;:&quot;classic&quot;}\">\n\t\t\t\t\t\t\t<div class=\"elementor-background-overlay\"><\/div>\n\t\t\t\t\t\t\t<div class=\"elementor-container elementor-column-gap-no\">\n\t\t\t\t\t<div class=\"elementor-column elementor-col-50 elementor-top-column elementor-element elementor-element-0c36485\" data-id=\"0c36485\" data-element_type=\"column\" data-e-type=\"column\">\n\t\t\t<div class=\"elementor-widget-wrap elementor-element-populated\">\n\t\t\t\t\t\t<div class=\"elementor-element elementor-element-124b988 elementor-widget elementor-widget-heading\" data-id=\"124b988\" data-element_type=\"widget\" data-e-type=\"widget\" data-widget_type=\"heading.default\">\n\t\t\t\t<div class=\"elementor-widget-container\">\n\t\t\t\t\t<h2 class=\"elementor-heading-title elementor-size-default\">Chic Immo: Real Estate Excellence<\/h2>\t\t\t\t<\/div>\n\t\t\t\t<\/div>\n\t\t\t\t<div class=\"elementor-element elementor-element-de68298 elementor-widget elementor-widget-text-editor\" data-id=\"de68298\" data-element_type=\"widget\" data-e-type=\"widget\" data-widget_type=\"text-editor.default\">\n\t\t\t\t<div class=\"elementor-widget-container\">\n\t\t\t\t\t\t\t\t\t<p>Welcome to Chic Immo,<\/p><p>In our world, real estate transcends the simple transaction of goods. We are your trusted partner for all your real estate procedures, whether it is to sell, buy, rent or invest in Madagascar.<\/p><p>At Chic Immo, our commitment is to offer you a personalized service that is perfectly adapted to your unique needs. Our expertise and experience support you at every stage of your real estate project.<\/p><p>Whether you are a seller, a buyer, an owner or an investor, Chic Immo is at your side to make your real estate aspirations come true. Your satisfaction is our main source of inspiration.<\/p><p>Contact us today to begin a fruitful collaboration and enriching exchanges.<\/p><p>We do everything we can to achieve them successfully.<\/p>\t\t\t\t\t\t\t\t<\/div>\n\t\t\t\t<\/div>\n\t\t\t\t\t<\/div>\n\t\t<\/div>\n\t\t\t\t<div class=\"elementor-column elementor-col-50 elementor-top-column elementor-element elementor-element-26fcf8e\" data-id=\"26fcf8e\" data-element_type=\"column\" data-e-type=\"column\">\n\t\t\t<div class=\"elementor-widget-wrap elementor-element-populated\">\n\t\t\t\t\t\t<div class=\"elementor-element elementor-element-5fd1a33 elementor-widget elementor-widget-image\" data-id=\"5fd1a33\" data-element_type=\"widget\" data-e-type=\"widget\" data-widget_type=\"image.default\">\n\t\t\t\t<div class=\"elementor-widget-container\">\n\t\t\t\t\t\t\t\t\t\t\t\t\t\t\t<img fetchpriority=\"high\" decoding=\"async\" width=\"683\" height=\"1024\" src=\"https:\/\/chic-immo.com\/wp-content\/uploads\/2024\/03\/pexels-vlado-paunovic-3034343-683x1024.jpg\" class=\"attachment-large size-large wp-image-2064\" alt=\"\" srcset=\"https:\/\/chic-immo.com\/wp-content\/uploads\/2024\/03\/pexels-vlado-paunovic-3034343-683x1024.jpg 683w, https:\/\/chic-immo.com\/wp-content\/uploads\/2024\/03\/pexels-vlado-paunovic-3034343-200x300.jpg 200w, https:\/\/chic-immo.com\/wp-content\/uploads\/2024\/03\/pexels-vlado-paunovic-3034343-768x1152.jpg 768w, https:\/\/chic-immo.com\/wp-content\/uploads\/2024\/03\/pexels-vlado-paunovic-3034343-1024x1536.jpg 1024w, https:\/\/chic-immo.com\/wp-content\/uploads\/2024\/03\/pexels-vlado-paunovic-3034343-1365x2048.jpg 1365w, https:\/\/chic-immo.com\/wp-content\/uploads\/2024\/03\/pexels-vlado-paunovic-3034343-scaled.jpg 1707w\" sizes=\"(max-width: 683px) 100vw, 683px\" \/>\t\t\t\t\t\t\t\t\t\t\t\t\t\t\t<\/div>\n\t\t\t\t<\/div>\n\t\t\t\t\t<\/div>\n\t\t<\/div>\n\t\t\t\t\t<\/div>\n\t\t<\/section>\n\t\t<div class=\"elementor-element elementor-element-503af92 e-flex e-con-boxed e-con e-parent\" data-id=\"503af92\" data-element_type=\"container\" data-e-type=\"container\">\n\t\t\t\t\t<div class=\"e-con-inner\">\n\t\t<div class=\"elementor-element elementor-element-5883ca4 e-flex e-con-boxed e-con e-child\" data-id=\"5883ca4\" data-element_type=\"container\" data-e-type=\"container\">\n\t\t\t\t\t<div class=\"e-con-inner\">\n\t\t\t\t<div class=\"elementor-element elementor-element-bd7d309 elementor-widget elementor-widget-text-editor\" data-id=\"bd7d309\" data-element_type=\"widget\" data-e-type=\"widget\" data-widget_type=\"text-editor.default\">\n\t\t\t\t<div class=\"elementor-widget-container\">\n\t\t\t\t\t\t\t\t\t<h4>Owners<\/h4>\t\t\t\t\t\t\t\t<\/div>\n\t\t\t\t<\/div>\n\t\t\t\t<div class=\"elementor-element elementor-element-592e23a elementor-widget elementor-widget-text-editor\" data-id=\"592e23a\" data-element_type=\"widget\" data-e-type=\"widget\" data-widget_type=\"text-editor.default\">\n\t\t\t\t<div class=\"elementor-widget-container\">\n\t\t\t\t\t\t\t\t\tOpt for peace of mind by entrusting us with the sale or rental of your real estate. Take advantage of our expertise to highlight them &amp; Increase your visibility with qualified customers.\t\t\t\t\t\t\t\t<\/div>\n\t\t\t\t<\/div>\n\t\t\t\t\t<\/div>\n\t\t\t\t<\/div>\n\t\t<div class=\"elementor-element elementor-element-7a40ed9 e-flex e-con-boxed e-con e-child\" data-id=\"7a40ed9\" data-element_type=\"container\" data-e-type=\"container\">\n\t\t\t\t\t<div class=\"e-con-inner\">\n\t\t\t\t<div class=\"elementor-element elementor-element-12d2b88 elementor-widget elementor-widget-text-editor\" data-id=\"12d2b88\" data-element_type=\"widget\" data-e-type=\"widget\" data-widget_type=\"text-editor.default\">\n\t\t\t\t<div class=\"elementor-widget-container\">\n\t\t\t\t\t\t\t\t\t<h4>Tenants<\/h4>\t\t\t\t\t\t\t\t<\/div>\n\t\t\t\t<\/div>\n\t\t\t\t<div class=\"elementor-element elementor-element-96cebdf elementor-widget elementor-widget-text-editor\" data-id=\"96cebdf\" data-element_type=\"widget\" data-e-type=\"widget\" data-widget_type=\"text-editor.default\">\n\t\t\t\t<div class=\"elementor-widget-container\">\n\t\t\t\t\t\t\t\t\tExplore our selection of real estate by following our page. Contact us to benefit from personalized support in your real estate search.\t\t\t\t\t\t\t\t<\/div>\n\t\t\t\t<\/div>\n\t\t\t\t\t<\/div>\n\t\t\t\t<\/div>\n\t\t<div class=\"elementor-element elementor-element-8d8038d e-flex e-con-boxed e-con e-child\" data-id=\"8d8038d\" data-element_type=\"container\" data-e-type=\"container\">\n\t\t\t\t\t<div class=\"e-con-inner\">\n\t\t\t\t<div class=\"elementor-element elementor-element-29dd73a elementor-widget elementor-widget-text-editor\" data-id=\"29dd73a\" data-element_type=\"widget\" data-e-type=\"widget\" data-widget_type=\"text-editor.default\">\n\t\t\t\t<div class=\"elementor-widget-container\">\n\t\t\t\t\t\t\t\t\t<h4>Investors<\/h4>\t\t\t\t\t\t\t\t<\/div>\n\t\t\t\t<\/div>\n\t\t\t\t<div class=\"elementor-element elementor-element-894d625 elementor-widget elementor-widget-text-editor\" data-id=\"894d625\" data-element_type=\"widget\" data-e-type=\"widget\" data-widget_type=\"text-editor.default\">\n\t\t\t\t<div class=\"elementor-widget-container\">\n\t\t\t\t\t\t\t\t\tDiscover our exclusive selection of real estate available for purchase. Whether you are looking for a house, an apartment or land, our agency is here to help you find the perfect property that meets your needs and your budget. We are with you every step of the way.\t\t\t\t\t\t\t\t<\/div>\n\t\t\t\t<\/div>\n\t\t\t\t\t<\/div>\n\t\t\t\t<\/div>\n\t\t\t\t\t<\/div>\n\t\t\t\t<\/div>\n\t\t<div class=\"elementor-element elementor-element-98d2f2c e-flex e-con-boxed e-con e-parent\" data-id=\"98d2f2c\" data-element_type=\"container\" data-e-type=\"container\">\n\t\t\t\t\t<div class=\"e-con-inner\">\n\t\t\t\t<div class=\"elementor-element elementor-element-223738d elementor-widget-divider--view-line elementor-widget elementor-widget-divider\" data-id=\"223738d\" data-element_type=\"widget\" data-e-type=\"widget\" data-widget_type=\"divider.default\">\n\t\t\t\t<div class=\"elementor-widget-container\">\n\t\t\t\t\t\t\t<div class=\"elementor-divider\">\n\t\t\t<span class=\"elementor-divider-separator\">\n\t\t\t\t\t\t<\/span>\n\t\t<\/div>\n\t\t\t\t\t\t<\/div>\n\t\t\t\t<\/div>\n\t\t\t\t\t<\/div>\n\t\t\t\t<\/div>\n\t\t<div class=\"elementor-element elementor-element-3ff0faf e-flex e-con-boxed e-con e-parent\" data-id=\"3ff0faf\" data-element_type=\"container\" data-e-type=\"container\">\n\t\t\t\t\t<div class=\"e-con-inner\">\n\t\t<div class=\"elementor-element elementor-element-2fb5625 e-flex e-con-boxed e-con e-child\" data-id=\"2fb5625\" data-element_type=\"container\" data-e-type=\"container\">\n\t\t\t\t\t<div class=\"e-con-inner\">\n\t\t<div class=\"elementor-element elementor-element-aaee67f e-flex e-con-boxed e-con e-child\" data-id=\"aaee67f\" data-element_type=\"container\" data-e-type=\"container\">\n\t\t\t\t\t<div class=\"e-con-inner\">\n\t\t\t\t<div class=\"elementor-element elementor-element-1bc2812 elementor-widget elementor-widget-image\" data-id=\"1bc2812\" data-element_type=\"widget\" data-e-type=\"widget\" data-widget_type=\"image.default\">\n\t\t\t\t<div class=\"elementor-widget-container\">\n\t\t\t\t\t\t\t\t\t\t\t\t\t\t\t<img decoding=\"async\" width=\"1024\" height=\"1024\" src=\"https:\/\/chic-immo.com\/wp-content\/uploads\/2024\/11\/Excellence-Gold-1024x1024.png\" class=\"attachment-large size-large wp-image-5130\" alt=\"\" srcset=\"https:\/\/chic-immo.com\/wp-content\/uploads\/2024\/11\/Excellence-Gold-1024x1024.png 1024w, https:\/\/chic-immo.com\/wp-content\/uploads\/2024\/11\/Excellence-Gold-300x300.png 300w, https:\/\/chic-immo.com\/wp-content\/uploads\/2024\/11\/Excellence-Gold-150x150.png 150w, https:\/\/chic-immo.com\/wp-content\/uploads\/2024\/11\/Excellence-Gold-768x767.png 768w, https:\/\/chic-immo.com\/wp-content\/uploads\/2024\/11\/Excellence-Gold-1536x1536.png 1536w, https:\/\/chic-immo.com\/wp-content\/uploads\/2024\/11\/Excellence-Gold-2048x2046.png 2048w, https:\/\/chic-immo.com\/wp-content\/uploads\/2024\/11\/Excellence-Gold-12x12.png 12w\" sizes=\"(max-width: 1024px) 100vw, 1024px\" \/>\t\t\t\t\t\t\t\t\t\t\t\t\t\t\t<\/div>\n\t\t\t\t<\/div>\n\t\t\t\t<div class=\"elementor-element elementor-element-54890bd elementor-widget elementor-widget-heading\" data-id=\"54890bd\" data-element_type=\"widget\" data-e-type=\"widget\" data-widget_type=\"heading.default\">\n\t\t\t\t<div class=\"elementor-widget-container\">\n\t\t\t\t\t<h2 class=\"elementor-heading-title elementor-size-default\">Excellency<\/h2>\t\t\t\t<\/div>\n\t\t\t\t<\/div>\n\t\t\t\t\t<\/div>\n\t\t\t\t<\/div>\n\t\t\t\t\t<\/div>\n\t\t\t\t<\/div>\n\t\t<div class=\"elementor-element elementor-element-cdeabe9 e-flex e-con-boxed e-con e-child\" data-id=\"cdeabe9\" data-element_type=\"container\" data-e-type=\"container\">\n\t\t\t\t\t<div class=\"e-con-inner\">\n\t\t<div class=\"elementor-element elementor-element-c3b494e e-flex e-con-boxed e-con e-child\" data-id=\"c3b494e\" data-element_type=\"container\" data-e-type=\"container\">\n\t\t\t\t\t<div class=\"e-con-inner\">\n\t\t\t\t<div class=\"elementor-element elementor-element-d7460db elementor-widget elementor-widget-image\" data-id=\"d7460db\" data-element_type=\"widget\" data-e-type=\"widget\" data-widget_type=\"image.default\">\n\t\t\t\t<div class=\"elementor-widget-container\">\n\t\t\t\t\t\t\t\t\t\t\t\t\t\t\t<img decoding=\"async\" width=\"1024\" height=\"1024\" src=\"https:\/\/chic-immo.com\/wp-content\/uploads\/2024\/03\/Integrite-Gold-1024x1024.png\" class=\"attachment-large size-large wp-image-1628\" alt=\"\" srcset=\"https:\/\/chic-immo.com\/wp-content\/uploads\/2024\/03\/Integrite-Gold-1024x1024.png 1024w, https:\/\/chic-immo.com\/wp-content\/uploads\/2024\/03\/Integrite-Gold-300x300.png 300w, https:\/\/chic-immo.com\/wp-content\/uploads\/2024\/03\/Integrite-Gold-150x150.png 150w, https:\/\/chic-immo.com\/wp-content\/uploads\/2024\/03\/Integrite-Gold-768x767.png 768w, https:\/\/chic-immo.com\/wp-content\/uploads\/2024\/03\/Integrite-Gold-1536x1536.png 1536w, https:\/\/chic-immo.com\/wp-content\/uploads\/2024\/03\/Integrite-Gold-2048x2046.png 2048w\" sizes=\"(max-width: 1024px) 100vw, 1024px\" \/>\t\t\t\t\t\t\t\t\t\t\t\t\t\t\t<\/div>\n\t\t\t\t<\/div>\n\t\t\t\t<div class=\"elementor-element elementor-element-599d589 elementor-widget elementor-widget-heading\" data-id=\"599d589\" data-element_type=\"widget\" data-e-type=\"widget\" data-widget_type=\"heading.default\">\n\t\t\t\t<div class=\"elementor-widget-container\">\n\t\t\t\t\t<h2 class=\"elementor-heading-title elementor-size-default\">Integrity<\/h2>\t\t\t\t<\/div>\n\t\t\t\t<\/div>\n\t\t\t\t\t<\/div>\n\t\t\t\t<\/div>\n\t\t\t\t\t<\/div>\n\t\t\t\t<\/div>\n\t\t<div class=\"elementor-element elementor-element-c9f68ee e-flex e-con-boxed e-con e-child\" data-id=\"c9f68ee\" data-element_type=\"container\" data-e-type=\"container\">\n\t\t\t\t\t<div class=\"e-con-inner\">\n\t\t<div class=\"elementor-element elementor-element-9874976 e-flex e-con-boxed e-con e-child\" data-id=\"9874976\" data-element_type=\"container\" data-e-type=\"container\">\n\t\t\t\t\t<div class=\"e-con-inner\">\n\t\t\t\t<div class=\"elementor-element elementor-element-ebc2bd7 elementor-widget elementor-widget-image\" data-id=\"ebc2bd7\" data-element_type=\"widget\" data-e-type=\"widget\" data-widget_type=\"image.default\">\n\t\t\t\t<div class=\"elementor-widget-container\">\n\t\t\t\t\t\t\t\t\t\t\t\t\t\t\t<img loading=\"lazy\" decoding=\"async\" width=\"1024\" height=\"1024\" src=\"https:\/\/chic-immo.com\/wp-content\/uploads\/2024\/11\/Personnalisation-Gold-1024x1024.png\" class=\"attachment-large size-large wp-image-5131\" alt=\"\" srcset=\"https:\/\/chic-immo.com\/wp-content\/uploads\/2024\/11\/Personnalisation-Gold-1024x1024.png 1024w, https:\/\/chic-immo.com\/wp-content\/uploads\/2024\/11\/Personnalisation-Gold-300x300.png 300w, https:\/\/chic-immo.com\/wp-content\/uploads\/2024\/11\/Personnalisation-Gold-150x150.png 150w, https:\/\/chic-immo.com\/wp-content\/uploads\/2024\/11\/Personnalisation-Gold-768x768.png 768w, https:\/\/chic-immo.com\/wp-content\/uploads\/2024\/11\/Personnalisation-Gold-1536x1536.png 1536w, https:\/\/chic-immo.com\/wp-content\/uploads\/2024\/11\/Personnalisation-Gold-2048x2048.png 2048w, https:\/\/chic-immo.com\/wp-content\/uploads\/2024\/11\/Personnalisation-Gold-12x12.png 12w\" sizes=\"(max-width: 1024px) 100vw, 1024px\" \/>\t\t\t\t\t\t\t\t\t\t\t\t\t\t\t<\/div>\n\t\t\t\t<\/div>\n\t\t\t\t<div class=\"elementor-element elementor-element-53cb3e4 elementor-widget elementor-widget-heading\" data-id=\"53cb3e4\" data-element_type=\"widget\" data-e-type=\"widget\" data-widget_type=\"heading.default\">\n\t\t\t\t<div class=\"elementor-widget-container\">\n\t\t\t\t\t<h2 class=\"elementor-heading-title elementor-size-default\">Custom made<\/h2>\t\t\t\t<\/div>\n\t\t\t\t<\/div>\n\t\t\t\t\t<\/div>\n\t\t\t\t<\/div>\n\t\t\t\t\t<\/div>\n\t\t\t\t<\/div>\n\t\t<div class=\"elementor-element elementor-element-706edf6 e-flex e-con-boxed e-con e-child\" data-id=\"706edf6\" data-element_type=\"container\" data-e-type=\"container\">\n\t\t\t\t\t<div class=\"e-con-inner\">\n\t\t<div class=\"elementor-element elementor-element-de8f307 e-flex e-con-boxed e-con e-child\" data-id=\"de8f307\" data-element_type=\"container\" data-e-type=\"container\">\n\t\t\t\t\t<div class=\"e-con-inner\">\n\t\t\t\t<div class=\"elementor-element elementor-element-d4b2d6f elementor-widget elementor-widget-image\" data-id=\"d4b2d6f\" data-element_type=\"widget\" data-e-type=\"widget\" data-widget_type=\"image.default\">\n\t\t\t\t<div class=\"elementor-widget-container\">\n\t\t\t\t\t\t\t\t\t\t\t\t\t\t\t<img loading=\"lazy\" decoding=\"async\" width=\"1024\" height=\"1024\" src=\"https:\/\/chic-immo.com\/wp-content\/uploads\/2024\/03\/Expertise-Gold-1024x1024.png\" class=\"attachment-large size-large wp-image-1627\" alt=\"\" srcset=\"https:\/\/chic-immo.com\/wp-content\/uploads\/2024\/03\/Expertise-Gold-1024x1024.png 1024w, https:\/\/chic-immo.com\/wp-content\/uploads\/2024\/03\/Expertise-Gold-300x300.png 300w, https:\/\/chic-immo.com\/wp-content\/uploads\/2024\/03\/Expertise-Gold-150x150.png 150w, https:\/\/chic-immo.com\/wp-content\/uploads\/2024\/03\/Expertise-Gold-768x768.png 768w, https:\/\/chic-immo.com\/wp-content\/uploads\/2024\/03\/Expertise-Gold-1536x1536.png 1536w, https:\/\/chic-immo.com\/wp-content\/uploads\/2024\/03\/Expertise-Gold-2048x2048.png 2048w\" sizes=\"(max-width: 1024px) 100vw, 1024px\" \/>\t\t\t\t\t\t\t\t\t\t\t\t\t\t\t<\/div>\n\t\t\t\t<\/div>\n\t\t\t\t<div class=\"elementor-element elementor-element-0778b01 elementor-widget elementor-widget-heading\" data-id=\"0778b01\" data-element_type=\"widget\" data-e-type=\"widget\" data-widget_type=\"heading.default\">\n\t\t\t\t<div class=\"elementor-widget-container\">\n\t\t\t\t\t<h2 class=\"elementor-heading-title elementor-size-default\">Expertise<\/h2>\t\t\t\t<\/div>\n\t\t\t\t<\/div>\n\t\t\t\t\t<\/div>\n\t\t\t\t<\/div>\n\t\t\t\t\t<\/div>\n\t\t\t\t<\/div>\n\t\t<div class=\"elementor-element elementor-element-7f39f5f e-flex e-con-boxed e-con e-child\" data-id=\"7f39f5f\" data-element_type=\"container\" data-e-type=\"container\">\n\t\t\t\t\t<div class=\"e-con-inner\">\n\t\t<div class=\"elementor-element elementor-element-e986802 e-flex e-con-boxed e-con e-child\" data-id=\"e986802\" data-element_type=\"container\" data-e-type=\"container\">\n\t\t\t\t\t<div class=\"e-con-inner\">\n\t\t\t\t<div class=\"elementor-element elementor-element-db07cc9 elementor-widget elementor-widget-image\" data-id=\"db07cc9\" data-element_type=\"widget\" data-e-type=\"widget\" data-widget_type=\"image.default\">\n\t\t\t\t<div class=\"elementor-widget-container\">\n\t\t\t\t\t\t\t\t\t\t\t\t\t\t\t<img loading=\"lazy\" decoding=\"async\" width=\"1024\" height=\"1024\" src=\"https:\/\/chic-immo.com\/wp-content\/uploads\/2024\/03\/Confidentialite-Gold-1024x1024.png\" class=\"attachment-large size-large wp-image-1625\" alt=\"Confidentialit\u00e9 - Gold\" srcset=\"https:\/\/chic-immo.com\/wp-content\/uploads\/2024\/03\/Confidentialite-Gold-1024x1024.png 1024w, https:\/\/chic-immo.com\/wp-content\/uploads\/2024\/03\/Confidentialite-Gold-300x300.png 300w, https:\/\/chic-immo.com\/wp-content\/uploads\/2024\/03\/Confidentialite-Gold-150x150.png 150w, https:\/\/chic-immo.com\/wp-content\/uploads\/2024\/03\/Confidentialite-Gold-768x768.png 768w, https:\/\/chic-immo.com\/wp-content\/uploads\/2024\/03\/Confidentialite-Gold-1536x1536.png 1536w, https:\/\/chic-immo.com\/wp-content\/uploads\/2024\/03\/Confidentialite-Gold-2048x2048.png 2048w\" sizes=\"(max-width: 1024px) 100vw, 1024px\" \/>\t\t\t\t\t\t\t\t\t\t\t\t\t\t\t<\/div>\n\t\t\t\t<\/div>\n\t\t\t\t<div class=\"elementor-element elementor-element-7a90829 elementor-widget elementor-widget-heading\" data-id=\"7a90829\" data-element_type=\"widget\" data-e-type=\"widget\" data-widget_type=\"heading.default\">\n\t\t\t\t<div class=\"elementor-widget-container\">\n\t\t\t\t\t<h2 class=\"elementor-heading-title elementor-size-default\">Discretion<\/h2>\t\t\t\t<\/div>\n\t\t\t\t<\/div>\n\t\t\t\t\t<\/div>\n\t\t\t\t<\/div>\n\t\t\t\t\t<\/div>\n\t\t\t\t<\/div>\n\t\t\t\t\t<\/div>\n\t\t\t\t<\/div>\n\t\t\t\t<\/div>","protected":false},"excerpt":{"rendered":"<p>Chic Immo : L&rsquo;Excellence Immobili\u00e8re Bienvenue chez Chic Immo, Dans notre univers, l\u2019immobilier transcende la simple transaction de biens. Nous sommes votre partenaire de confiance pour toutes vos d\u00e9marches immobili\u00e8res, qu\u2019il s\u2019agisse de vendre, acheter, louer ou investir\u00a0\u00e0\u00a0Madagascar. Chez Chic Immo, notre engagement est de vous offrir un service personnalis\u00e9 et parfaitement adapt\u00e9 \u00e0 vos [&hellip;]<\/p>\n","protected":false},"author":1,"featured_media":0,"parent":0,"menu_order":0,"comment_status":"closed","ping_status":"closed","template":"","meta":{"site-sidebar-layout":"no-sidebar","site-content-layout":"page-builder","ast-site-content-layout":"full-width-container","site-content-style":"unboxed","site-sidebar-style":"unboxed","ast-global-header-display":"","ast-banner-title-visibility":"","ast-main-header-display":"","ast-hfb-above-header-display":"","ast-hfb-below-header-display":"","ast-hfb-mobile-header-display":"","site-post-title":"disabled","ast-breadcrumbs-content":"","ast-featured-img":"disabled","footer-sml-layout":"","theme-transparent-header-meta":"enabled","adv-header-id-meta":"","stick-header-meta":"","header-above-stick-meta":"","header-main-stick-meta":"","header-below-stick-meta":"","astra-migrate-meta-layouts":"set","ast-page-background-enabled":"default","ast-page-background-meta":{"desktop":{"background-color":"","background-image":"","background-repeat":"repeat","background-position":"center center","background-size":"auto","background-attachment":"scroll","background-type":"","background-media":"","overlay-type":"","overlay-color":"","overlay-gradient":""},"tablet":{"background-color":"","background-image":"","background-repeat":"repeat","background-position":"center center","background-size":"auto","background-attachment":"scroll","background-type":"","background-media":"","overlay-type":"","overlay-color":"","overlay-gradient":""},"mobile":{"background-color":"","background-image":"","background-repeat":"repeat","background-position":"center center","background-size":"auto","background-attachment":"scroll","background-type":"","background-media":"","overlay-type":"","overlay-color":"","overlay-gradient":""}},"ast-content-background-meta":{"desktop":{"background-color":"var(--ast-global-color-5)","background-image":"","background-repeat":"repeat","background-position":"center center","background-size":"auto","background-attachment":"scroll","background-type":"","background-media":"","overlay-type":"","overlay-color":"","overlay-gradient":""},"tablet":{"background-color":"var(--ast-global-color-5)","background-image":"","background-repeat":"repeat","background-position":"center center","background-size":"auto","background-attachment":"scroll","background-type":"","background-media":"","overlay-type":"","overlay-color":"","overlay-gradient":""},"mobile":{"background-color":"var(--ast-global-color-5)","background-image":"","background-repeat":"repeat","background-position":"center center","background-size":"auto","background-attachment":"scroll","background-type":"","background-media":"","overlay-type":"","overlay-color":"","overlay-gradient":""}},"footnotes":""},"class_list":["post-245","page","type-page","status-publish","hentry"],"_links":{"self":[{"href":"https:\/\/chic-immo.com\/en\/wp-json\/wp\/v2\/pages\/245","targetHints":{"allow":["GET"]}}],"collection":[{"href":"https:\/\/chic-immo.com\/en\/wp-json\/wp\/v2\/pages"}],"about":[{"href":"https:\/\/chic-immo.com\/en\/wp-json\/wp\/v2\/types\/page"}],"author":[{"embeddable":true,"href":"https:\/\/chic-immo.com\/en\/wp-json\/wp\/v2\/users\/1"}],"replies":[{"embeddable":true,"href":"https:\/\/chic-immo.com\/en\/wp-json\/wp\/v2\/comments?post=245"}],"version-history":[{"count":58,"href":"https:\/\/chic-immo.com\/en\/wp-json\/wp\/v2\/pages\/245\/revisions"}],"predecessor-version":[{"id":5138,"href":"https:\/\/chic-immo.com\/en\/wp-json\/wp\/v2\/pages\/245\/revisions\/5138"}],"wp:attachment":[{"href":"https:\/\/chic-immo.com\/en\/wp-json\/wp\/v2\/media?parent=245"}],"curies":[{"name":"wp","href":"https:\/\/api.w.org\/{rel}","templated":true}]}}